{"id":2754,"date":"2026-03-19T13:26:57","date_gmt":"2026-03-19T16:26:57","guid":{"rendered":"https:\/\/serranoabogados.cl\/?page_id=2754"},"modified":"2026-03-19T14:59:51","modified_gmt":"2026-03-19T17:59:51","slug":"leonardo-barrientos-persico","status":"publish","type":"page","link":"https:\/\/serranoabogados.cl\/en\/leonardo-barrientos-persico\/","title":{"rendered":"Leonardo Barrientos Persico"},"content":{"rendered":"<div class=\"wp-block-stackable-columns alignfull stk-block-columns stk-block stk-ee8e4ee\" data-block-id=\"ee8e4ee\"><style>.stk-ee8e4ee .stk--block-align-ee8e4ee{align-items:center !important;}.stk-ee8e4ee {margin-top:var(--stk--preset--spacing--70, 3.38rem) !important;margin-bottom:var(--stk--preset--spacing--70, 3.38rem) !important;}.stk-ee8e4ee-column{--stk-column-gap:var(--stk--preset--spacing--40, 30px) !important;}<\/style><div class=\"stk-row stk-inner-blocks stk--block-align-ee8e4ee stk-block-content stk-content-align stk-ee8e4ee-column alignwide\">\n<div class=\"wp-block-stackable-column stk-block-column stk-column stk-block stk-9e722cd\" data-v=\"4\" data-block-id=\"9e722cd\"><div class=\"stk-column-wrapper stk-block-column__content stk-container stk-9e722cd-container stk--no-background stk--no-padding\"><div class=\"stk-block-content stk-inner-blocks stk-9e722cd-inner-blocks\">\n<div class=\"wp-block-stackable-subtitle stk-block-subtitle stk-block stk-10243c7\" data-block-id=\"10243c7\"><style>.stk-10243c7 {margin-bottom:0px !important;}.stk-10243c7 .stk-block-subtitle__text{text-transform:uppercase !important;}<\/style><p class=\"stk-block-subtitle__text stk-subtitle\">Of Counsel<\/p><\/div>\n\n\n\n<div class=\"wp-block-stackable-heading stk-block-heading stk-block-heading--v2 stk-block stk-59f16fd\" id=\"heading-placeholder\" data-block-id=\"59f16fd\"><h2 class=\"stk-block-heading__text\">Leonardo Barrientos Persico<\/h2><\/div>\n\n\n\n<div class=\"wp-block-stackable-text stk-block-text stk-block stk-dbb33b7\" data-block-id=\"dbb33b7\"><p class=\"stk-block-text__text\">Throughout his career, Leonardo has advised startups and technology companies from pre-seed through Series B stages, backed by venture capital funds and angel investors both domestic and international, on transactions including entity formation, fundraising rounds (SAFEs, convertible notes, and equity rounds), cap table restructurings, vesting arrangements, M&amp;A transactions, and cross-border expansion across Latin America and the United States.<\/p><\/div>\n\n\n\n<div class=\"wp-block-stackable-text stk-block-text stk-block stk-1e80d66\" data-block-id=\"1e80d66\"><style>.stk-1e80d66 {margin-bottom:16px !important;}<\/style><p class=\"stk-block-text__text\">Leonardo is Of Counsel at Serrano Abogados, focusing his practice on corporate matters, venture capital, M&amp;A transactions, commercial law, and technology advisory. He has extensive experience advising technology companies and startups through their formation, fundraising, growth, and strategic operations, both in Chile and abroad.<\/p><\/div>\n\n\n\n<div class=\"wp-block-stackable-text stk-block-text stk-block stk-2238ff5\" data-block-id=\"2238ff5\"><style>.stk-2238ff5 {margin-bottom:16px !important;}<\/style><p class=\"stk-block-text__text\">Alongside his legal practice, Leonardo is Co-founder and CEO of Lexgo, a Legal Ops Software platform that has pioneered the category in Latin America, delivering digital legal management solutions to companies across stages and industries.<\/p><\/div>\n\n\n\n<div class=\"wp-block-stackable-text stk-block-text stk-block stk-1b299b4\" data-block-id=\"1b299b4\"><p class=\"stk-block-text__text\">His experience as both an entrepreneur and a corporate lawyer gives him a unique perspective to advise founders and executive teams on legal decisions with direct business impact.<\/p><\/div>\n\n\n\n<div class=\"wp-block-stackable-button-group stk-block-button-group stk-block stk-ddeedce\" data-block-id=\"ddeedce\"><style>.stk-ddeedce {margin-bottom:0px !important;}<\/style><div class=\"stk-row stk-inner-blocks has-text-align-left stk-block-content stk-button-group\">\n<div class=\"wp-block-stackable-icon-button stk-block-icon-button stk-block stk-9b2be4b\" data-block-id=\"9b2be4b\"><a class=\"stk-link stk-button stk--hover-effect-darken\" href=\"mailto:lbarrientos@serranoabogados.cl\" target=\"_blank\" rel=\"noreferrer noopener\"><span class=\"stk--svg-wrapper\"><div class=\"stk--inner-svg\"><svg xmlns=\"http:\/\/www.w3.org\/2000\/svg\" viewbox=\"0 0 512 512\" aria-hidden=\"true\" width=\"32\" height=\"32\"><path d=\"M48 64C21.5 64 0 85.5 0 112c0 15.1 7.1 29.3 19.2 38.4L236.8 313.6c11.4 8.5 27 8.5 38.4 0L492.8 150.4c12.1-9.1 19.2-23.3 19.2-38.4c0-26.5-21.5-48-48-48H48zM0 176V384c0 35.3 28.7 64 64 64H448c35.3 0 64-28.7 64-64V176L294.4 339.2c-22.8 17.1-54 17.1-76.8 0L0 176z\"\/><\/svg><\/div><\/span><\/a><\/div>\n\n\n\n<div class=\"wp-block-stackable-icon-button stk-block-icon-button stk-block stk-07276a2\" data-block-id=\"07276a2\"><a class=\"stk-link stk-button stk--hover-effect-darken\" href=\"https:\/\/www.linkedin.com\/in\/lbarrientosp\/\" target=\"_blank\" rel=\"noreferrer noopener nofollow\"><span class=\"stk--svg-wrapper\"><div class=\"stk--inner-svg\"><svg data-prefix=\"fab\" data-icon=\"linkedin-in\" class=\"svg-inline--fa fa-linkedin-in fa-w-14\" xmlns=\"http:\/\/www.w3.org\/2000\/svg\" viewbox=\"0 0 448 512\" aria-hidden=\"true\" width=\"32\" height=\"32\"><path fill=\"currentColor\" d=\"M100.28 448H7.4V148.9h92.88zM53.79 108.1C24.09 108.1 0 83.5 0 53.8a53.79 53.79 0 0 1 107.58 0c0 29.7-24.1 54.3-53.79 54.3zM447.9 448h-92.68V302.4c0-34.7-.7-79.2-48.29-79.2-48.29 0-55.69 37.7-55.69 76.7V448h-92.78V148.9h89.08v40.8h1.3c12.4-23.5 42.69-48.3 87.88-48.3 94 0 111.28 61.9 111.28 142.3V448z\"><\/path><\/svg><\/div><\/span><\/a><\/div>\n<\/div><\/div>\n<\/div><\/div><\/div>\n<\/div><\/div>\n\n\n\n<div class=\"wp-block-stackable-columns alignfull stk-block-columns stk-block stk-18aed1f\" data-block-id=\"18aed1f\"><style>.stk-18aed1f {margin-bottom:var(--stk--preset--spacing--80, 5.06rem) !important;}<\/style><div class=\"stk-row stk-inner-blocks stk-block-content stk-content-align stk-18aed1f-column alignwide\">\n<div class=\"wp-block-stackable-column stk-block-column stk-column stk-block stk-30a1c22\" data-v=\"4\" data-block-id=\"30a1c22\"><div class=\"stk-column-wrapper stk-block-column__content stk-container stk-30a1c22-container stk--no-background stk--no-padding\"><div class=\"stk-block-content stk-inner-blocks stk-30a1c22-inner-blocks\">\n<div class=\"wp-block-stackable-heading stk-block-heading stk-block-heading--v2 stk-block stk-415af16\" id=\"question-1-placeholder\" data-block-id=\"415af16\"><h5 class=\"stk-block-heading__text\"><span style=\"color: var(--theme-palette-color-2, #355C7D);\" class=\"stk-highlight\">Studies<\/span><\/h5><\/div>\n\n\n\n<ul class=\"wp-block-list\">\n<li><span style=\"color: var(--theme-palette-color-4, #232424);\" class=\"stk-highlight\">\u2060Scaling Excellence Program, Stanford University School of Engineering \u2013 2022<\/span><\/li>\n\n\n\n<li><span style=\"color: var(--theme-palette-color-4, #232424);\" class=\"stk-highlight\">\u2060Diploma in Tax Planning, Pontificia Universidad Cat\u00f3lica de Chile \u2013 2017<\/span><\/li>\n\n\n\n<li><span style=\"color: var(--theme-palette-color-4, #232424);\" class=\"stk-highlight\">\u2060Bachelor of Laws, Universidad Adolfo Ib\u00e1\u00f1ez \u2013 2012<\/span><\/li>\n<\/ul>\n\n\n\n<div class=\"wp-block-stackable-heading stk-block-heading stk-block-heading--v2 stk-block stk-493dc42\" id=\"question-2-placeholder\" data-block-id=\"493dc42\"><h5 class=\"stk-block-heading__text\"><span style=\"color: var(--theme-palette-color-2, #355C7D);\" class=\"stk-highlight\">Memberships<\/span><\/h5><\/div>\n\n\n\n<ul class=\"wp-block-list\">\n<li><span style=\"color: var(--theme-palette-color-4, #232424);\" class=\"stk-highlight\">Chilean Bar Association - Since 2010<\/span><\/li>\n<\/ul>\n\n\n\n<div class=\"wp-block-stackable-heading stk-block-heading stk-block-heading--v2 stk-block stk-9455d1c\" id=\"question-3-placeholder\" data-block-id=\"9455d1c\"><h5 class=\"stk-block-heading__text\"><span style=\"color: var(--theme-palette-color-2, #355C7D);\" class=\"stk-highlight\">Languages<\/span><\/h5><\/div>\n\n\n\n<ul class=\"wp-block-list\">\n<li><span style=\"color: var(--theme-palette-color-4, #232424);\" class=\"stk-highlight\">Spanish<\/span><\/li>\n\n\n\n<li><span style=\"color: var(--theme-palette-color-4, #232424);\" class=\"stk-highlight\">English<\/span><\/li>\n<\/ul>\n<\/div><\/div><\/div>\n<\/div><\/div>","protected":false},"excerpt":{"rendered":"<p>Of Counsel Leonardo Barrientos Persico A lo largo de su carrera, Leonardo ha asesorado a startups y empresas de tecnolog\u00eda desde etapas pre-seed hasta Series B, respaldadas por fondos de venture capital e inversionistas \u00e1ngeles nacionales e internacionales, en operaciones que incluyen formaci\u00f3n de sociedades, rondas de financiamiento (SAFEs, notas convertibles y equity rounds), reestructuraciones [&hellip;]<\/p>\n","protected":false},"author":2,"featured_media":0,"parent":0,"menu_order":0,"comment_status":"closed","ping_status":"closed","template":"","meta":{"footnotes":""},"class_list":["post-2754","page","type-page","status-publish","hentry"],"blocksy_meta":{"has_hero_section":"disabled","styles_descriptor":{"styles":{"desktop":"","tablet":"","mobile":""},"google_fonts":[],"version":6}},"_links":{"self":[{"href":"https:\/\/serranoabogados.cl\/en\/wp-json\/wp\/v2\/pages\/2754","targetHints":{"allow":["GET"]}}],"collection":[{"href":"https:\/\/serranoabogados.cl\/en\/wp-json\/wp\/v2\/pages"}],"about":[{"href":"https:\/\/serranoabogados.cl\/en\/wp-json\/wp\/v2\/types\/page"}],"author":[{"embeddable":true,"href":"https:\/\/serranoabogados.cl\/en\/wp-json\/wp\/v2\/users\/2"}],"replies":[{"embeddable":true,"href":"https:\/\/serranoabogados.cl\/en\/wp-json\/wp\/v2\/comments?post=2754"}],"version-history":[{"count":8,"href":"https:\/\/serranoabogados.cl\/en\/wp-json\/wp\/v2\/pages\/2754\/revisions"}],"predecessor-version":[{"id":2775,"href":"https:\/\/serranoabogados.cl\/en\/wp-json\/wp\/v2\/pages\/2754\/revisions\/2775"}],"wp:attachment":[{"href":"https:\/\/serranoabogados.cl\/en\/wp-json\/wp\/v2\/media?parent=2754"}],"curies":[{"name":"wp","href":"https:\/\/api.w.org\/{rel}","templated":true}]}}