{"id":2505,"date":"2025-12-05T11:27:44","date_gmt":"2025-12-05T14:27:44","guid":{"rendered":"https:\/\/serranoabogados.cl\/?page_id=2505"},"modified":"2025-12-06T01:58:44","modified_gmt":"2025-12-06T04:58:44","slug":"impuestos-internacionales","status":"publish","type":"page","link":"https:\/\/serranoabogados.cl\/en\/impuestos-internacionales\/","title":{"rendered":"International Taxation"},"content":{"rendered":"<div class=\"wp-block-stackable-columns alignfull stk-block-columns stk-block stk-2f5ccc9\" data-block-id=\"2f5ccc9\"><style>.stk-2f5ccc9 {margin-top:var(--stk--preset--spacing--70, 3.38rem) !important;margin-bottom:var(--stk--preset--spacing--70, 3.38rem) !important;}.stk-2f5ccc9-column{--stk-column-gap:var(--stk--preset--spacing--40, 30px) !important;}<\/style><div class=\"stk-row stk-inner-blocks stk-block-content stk-content-align stk-2f5ccc9-column alignwide\">\n<div class=\"wp-block-stackable-column stk-block-column stk-column stk-block stk-762fc7b\" data-v=\"4\" data-block-id=\"762fc7b\"><style>@media screen and (min-width:690px){.stk-762fc7b {flex:var(--stk-flex-grow, 1) 1 calc(10% - var(--stk-column-gap, 0px) * 1 \/ 2 ) !important;}}<\/style><div class=\"stk-column-wrapper stk-block-column__content stk-container stk-762fc7b-container stk--no-background stk--no-padding\"><div class=\"stk-block-content stk-inner-blocks stk-762fc7b-inner-blocks\">\n<div class=\"wp-block-stackable-image stk-block-image has-text-align-left-mobile stk-block stk-d10743b\" data-block-id=\"d10743b\"><style>.stk-d10743b .stk-img-wrapper{aspect-ratio:1\/1 !important;width:80px !important;height:auto !important;}@media screen and (max-width:999px){.stk-d10743b .stk-img-wrapper{height:auto !important;}}@media screen and (max-width:689px){.stk-d10743b .stk-img-wrapper{height:auto !important;}}<\/style><figure><span class=\"stk-img-wrapper stk-image--shape-stretch\"><img loading=\"lazy\" decoding=\"async\" class=\"stk-img wp-image-2659\" src=\"https:\/\/serranoabogados.cl\/wp-content\/uploads\/2025\/12\/Grupo-17-1.png\" width=\"160\" height=\"160\" alt=\"\" title=\"\" srcset=\"https:\/\/serranoabogados.cl\/wp-content\/uploads\/2025\/12\/Grupo-17-1.png 160w, https:\/\/serranoabogados.cl\/wp-content\/uploads\/2025\/12\/Grupo-17-1-150x150.png 150w, https:\/\/serranoabogados.cl\/wp-content\/uploads\/2025\/12\/Grupo-17-1-12x12.png 12w\" sizes=\"auto, (max-width: 160px) 100vw, 160px\" \/><\/span><\/figure><\/div>\n<\/div><\/div><\/div>\n\n\n\n<div class=\"wp-block-stackable-column stk-block-column stk-column stk-block stk-dc62abb\" data-v=\"4\" data-block-id=\"dc62abb\"><style>.stk-dc62abb-inner-blocks{justify-content:center !important;}@media screen and (min-width:690px){.stk-dc62abb {flex:var(--stk-flex-grow, 1) 1 calc(90% - var(--stk-column-gap, 0px) * 1 \/ 2 ) !important;}}<\/style><div class=\"stk-column-wrapper stk-block-column__content stk-container stk-dc62abb-container stk--no-background stk--no-padding\"><div class=\"stk--column-flex stk-block-content stk-inner-blocks stk-dc62abb-inner-blocks\">\n<div class=\"wp-block-stackable-heading stk-block-heading stk-block-heading--v2 stk-block stk-db11e5a\" id=\"product-name-1-placeholder\" data-block-id=\"db11e5a\"><style>.stk-db11e5a .stk-block-heading__text{color:var(--theme-palette-color-2, #355C7D) !important;}<\/style><h3 class=\"stk-block-heading__text has-text-color\">International Taxation<\/h3><\/div>\n\n\n\n<div class=\"wp-block-stackable-text stk-block-text stk-block stk-54d90a6\" data-block-id=\"54d90a6\"><style>.stk-54d90a6 .stk-block-text__text{color:var(--theme-palette-color-4, #232424) !important;}<\/style><p class=\"stk-block-text__text has-text-color\">We also advise our clients on all aspects related to international taxation, whether by assisting them in the internationalization of their businesses, or in the application of agreements to avoid international double taxation, transfer pricing policies and <em>benchmarking<\/em>, global minimum taxation (Pillar Two), etc.<\/p><\/div>\n\n\n\n<div class=\"wp-block-stackable-text stk-block-text stk-block stk-7d44a87\" data-block-id=\"7d44a87\"><style>.stk-7d44a87 .stk-block-text__text{color:var(--theme-palette-color-4, #232424) !important;}<\/style><p class=\"stk-block-text__text has-text-color\">Serrano Abogados is part of an international network that covers all five continents, to provide legal support wherever you need it.<\/p><\/div>\n<\/div><\/div><\/div>\n<\/div><\/div>","protected":false},"excerpt":{"rendered":"<p>Impuestos Internacionales Asesoramos tambi\u00e9n a nuestros clientes en todos los aspectos relacionados con la tributaci\u00f3n a nivel internacional, ya sea asisti\u00e9ndolos en la internacionalizaci\u00f3n de sus negocios, como tambi\u00e9n en la aplicaci\u00f3n de convenios para evitar la doble tributaci\u00f3n internacional, pol\u00edticas de precios de transferencias y benchmarking, impuesto m\u00ednimo global (Pilar Dos), etc. Serrano Abogados [&hellip;]<\/p>\n","protected":false},"author":2,"featured_media":0,"parent":0,"menu_order":0,"comment_status":"closed","ping_status":"closed","template":"","meta":{"footnotes":""},"class_list":["post-2505","page","type-page","status-publish","hentry"],"blocksy_meta":{"has_hero_section":"disabled","styles_descriptor":{"styles":{"desktop":"","tablet":"","mobile":""},"google_fonts":[],"version":6}},"_links":{"self":[{"href":"https:\/\/serranoabogados.cl\/en\/wp-json\/wp\/v2\/pages\/2505","targetHints":{"allow":["GET"]}}],"collection":[{"href":"https:\/\/serranoabogados.cl\/en\/wp-json\/wp\/v2\/pages"}],"about":[{"href":"https:\/\/serranoabogados.cl\/en\/wp-json\/wp\/v2\/types\/page"}],"author":[{"embeddable":true,"href":"https:\/\/serranoabogados.cl\/en\/wp-json\/wp\/v2\/users\/2"}],"replies":[{"embeddable":true,"href":"https:\/\/serranoabogados.cl\/en\/wp-json\/wp\/v2\/comments?post=2505"}],"version-history":[{"count":2,"href":"https:\/\/serranoabogados.cl\/en\/wp-json\/wp\/v2\/pages\/2505\/revisions"}],"predecessor-version":[{"id":2675,"href":"https:\/\/serranoabogados.cl\/en\/wp-json\/wp\/v2\/pages\/2505\/revisions\/2675"}],"wp:attachment":[{"href":"https:\/\/serranoabogados.cl\/en\/wp-json\/wp\/v2\/media?parent=2505"}],"curies":[{"name":"wp","href":"https:\/\/api.w.org\/{rel}","templated":true}]}}