{"id":2480,"date":"2025-12-04T19:28:40","date_gmt":"2025-12-04T22:28:40","guid":{"rendered":"https:\/\/serranoabogados.cl\/?page_id=2480"},"modified":"2025-12-06T02:04:43","modified_gmt":"2025-12-06T05:04:43","slug":"gonzalo-garrido-pavez","status":"publish","type":"page","link":"https:\/\/serranoabogados.cl\/en\/gonzalo-garrido-pavez\/","title":{"rendered":"Gonzalo Garrido Pavez"},"content":{"rendered":"<div class=\"wp-block-stackable-columns alignfull stk-block-columns stk-block stk-ee8e4ee\" data-block-id=\"ee8e4ee\"><style>.stk-ee8e4ee .stk--block-align-ee8e4ee{align-items:center !important;}.stk-ee8e4ee {margin-top:var(--stk--preset--spacing--70, 3.38rem) !important;margin-bottom:var(--stk--preset--spacing--70, 3.38rem) !important;}.stk-ee8e4ee-column{--stk-column-gap:var(--stk--preset--spacing--40, 30px) !important;}<\/style><div class=\"stk-row stk-inner-blocks stk--block-align-ee8e4ee stk-block-content stk-content-align stk-ee8e4ee-column alignwide\">\n<div class=\"wp-block-stackable-column stk-block-column stk-column stk-block stk-3d42d26\" data-v=\"4\" data-block-id=\"3d42d26\"><style>@media screen and (min-width:690px){.stk-3d42d26 {flex:var(--stk-flex-grow, 1) 1 calc(33.333% - var(--stk-column-gap, 0px) * 1 \/ 2 ) !important;}}<\/style><div class=\"stk-column-wrapper stk-block-column__content stk-container stk-3d42d26-container stk--no-background stk--no-padding\"><div class=\"has-text-align-center stk-block-content stk-inner-blocks stk-3d42d26-inner-blocks\">\n<div class=\"wp-block-stackable-image stk-block-image stk-block stk-3f517ec\" data-block-id=\"3f517ec\"><style>.stk-3f517ec .stk-img-wrapper{aspect-ratio:2\/3 !important;height:auto !important;}.stk-3f517ec .stk-img-wrapper img{border-radius:8px !important;object-position:50% 10% !important;}@media screen and (max-width:999px){.stk-3f517ec .stk-img-wrapper{height:auto !important;}}@media screen and (max-width:689px){.stk-3f517ec .stk-img-wrapper{height:auto !important;}}<\/style><figure><span class=\"stk-img-wrapper stk-image--shape-stretch\"><img loading=\"lazy\" decoding=\"async\" class=\"stk-img wp-image-2010\" src=\"https:\/\/serranoabogados.cl\/wp-content\/uploads\/2024\/09\/Gonzalo-Garrido.jpg\" width=\"1000\" height=\"1500\" alt=\"\" title=\"\" srcset=\"https:\/\/serranoabogados.cl\/wp-content\/uploads\/2024\/09\/Gonzalo-Garrido.jpg 1000w, https:\/\/serranoabogados.cl\/wp-content\/uploads\/2024\/09\/Gonzalo-Garrido-200x300.jpg 200w, https:\/\/serranoabogados.cl\/wp-content\/uploads\/2024\/09\/Gonzalo-Garrido-683x1024.jpg 683w, https:\/\/serranoabogados.cl\/wp-content\/uploads\/2024\/09\/Gonzalo-Garrido-768x1152.jpg 768w\" sizes=\"auto, (max-width: 1000px) 100vw, 1000px\" \/><\/span><\/figure><\/div>\n<\/div><\/div><\/div>\n\n\n\n<div class=\"wp-block-stackable-column stk-block-column stk-column stk-block stk-9e722cd\" data-v=\"4\" data-block-id=\"9e722cd\"><style>@media screen and (min-width:690px){.stk-9e722cd {flex:var(--stk-flex-grow, 1) 1 calc(66.667% - var(--stk-column-gap, 0px) * 1 \/ 2 ) !important;}}<\/style><div class=\"stk-column-wrapper stk-block-column__content stk-container stk-9e722cd-container stk--no-background stk--no-padding\"><div class=\"stk-block-content stk-inner-blocks stk-9e722cd-inner-blocks\">\n<div class=\"wp-block-stackable-subtitle stk-block-subtitle stk-block stk-10243c7\" data-block-id=\"10243c7\"><style>.stk-10243c7 {margin-bottom:0px !important;}.stk-10243c7 .stk-block-subtitle__text{text-transform:uppercase !important;}<\/style><p class=\"stk-block-subtitle__text stk-subtitle\">PARTNER<\/p><\/div>\n\n\n\n<div class=\"wp-block-stackable-heading stk-block-heading stk-block-heading--v2 stk-block stk-59f16fd\" id=\"heading-placeholder\" data-block-id=\"59f16fd\"><h2 class=\"stk-block-heading__text\">Gonzalo Garrido Pavez<\/h2><\/div>\n\n\n\n<div class=\"wp-block-stackable-text stk-block-text stk-block stk-1e80d66\" data-block-id=\"1e80d66\"><style>.stk-1e80d66 {margin-bottom:16px !important;}<\/style><p class=\"stk-block-text__text\">Gonzalo specializes in advising companies and individuals on domestic and international taxation matters. He has a vast trajectory in resolving tax disputes before the Internal Revenue Service, Tax and Customs Courts, and the Courts of Appeals and the Supreme Court.<\/p><\/div>\n\n\n\n<div class=\"wp-block-stackable-text stk-block-text stk-block stk-2238ff5\" data-block-id=\"2238ff5\"><style>.stk-2238ff5 {margin-bottom:16px !important;}<\/style><p class=\"stk-block-text__text\">In his more than 10 years of experience, Gonzalo has worked in consulting firms (Deloitte) and in the public sector, serving as an advisory lawyer for the Large Taxpayers Directorate and the National Directorate of the Internal Revenue Service.<\/p><\/div>\n\n\n\n<div class=\"wp-block-stackable-button-group stk-block-button-group stk-block stk-ddeedce\" data-block-id=\"ddeedce\"><style>.stk-ddeedce {margin-bottom:0px !important;}<\/style><div class=\"stk-row stk-inner-blocks has-text-align-left stk-block-content stk-button-group\">\n<div class=\"wp-block-stackable-icon-button stk-block-icon-button stk-block stk-9b2be4b\" data-block-id=\"9b2be4b\"><a class=\"stk-link stk-button stk--hover-effect-darken\" href=\"mailto:ggarrido@serranoabogados.cl\" target=\"_blank\" rel=\"noreferrer noopener\"><span class=\"stk--svg-wrapper\"><div class=\"stk--inner-svg\"><svg xmlns=\"http:\/\/www.w3.org\/2000\/svg\" viewbox=\"0 0 512 512\" aria-hidden=\"true\" width=\"32\" height=\"32\"><path d=\"M48 64C21.5 64 0 85.5 0 112c0 15.1 7.1 29.3 19.2 38.4L236.8 313.6c11.4 8.5 27 8.5 38.4 0L492.8 150.4c12.1-9.1 19.2-23.3 19.2-38.4c0-26.5-21.5-48-48-48H48zM0 176V384c0 35.3 28.7 64 64 64H448c35.3 0 64-28.7 64-64V176L294.4 339.2c-22.8 17.1-54 17.1-76.8 0L0 176z\"><\/path><\/svg><\/div><\/span><\/a><\/div>\n\n\n\n<div class=\"wp-block-stackable-icon-button stk-block-icon-button stk-block stk-07276a2\" data-block-id=\"07276a2\"><a class=\"stk-link stk-button stk--hover-effect-darken\" href=\"https:\/\/www.linkedin.com\/in\/gonzalogarridop\/\" target=\"_blank\" rel=\"noreferrer noopener nofollow\"><span class=\"stk--svg-wrapper\"><div class=\"stk--inner-svg\"><svg data-prefix=\"fab\" data-icon=\"linkedin-in\" class=\"svg-inline--fa fa-linkedin-in fa-w-14\" xmlns=\"http:\/\/www.w3.org\/2000\/svg\" viewbox=\"0 0 448 512\" aria-hidden=\"true\" width=\"32\" height=\"32\"><path fill=\"currentColor\" d=\"M100.28 448H7.4V148.9h92.88zM53.79 108.1C24.09 108.1 0 83.5 0 53.8a53.79 53.79 0 0 1 107.58 0c0 29.7-24.1 54.3-53.79 54.3zM447.9 448h-92.68V302.4c0-34.7-.7-79.2-48.29-79.2-48.29 0-55.69 37.7-55.69 76.7V448h-92.78V148.9h89.08v40.8h1.3c12.4-23.5 42.69-48.3 87.88-48.3 94 0 111.28 61.9 111.28 142.3V448z\"><\/path><\/svg><\/div><\/span><\/a><\/div>\n<\/div><\/div>\n<\/div><\/div><\/div>\n<\/div><\/div>\n\n\n\n<div class=\"wp-block-stackable-columns alignfull stk-block-columns stk-block stk-18aed1f\" data-block-id=\"18aed1f\"><style>.stk-18aed1f {margin-bottom:var(--stk--preset--spacing--80, 5.06rem) !important;}<\/style><div class=\"stk-row stk-inner-blocks stk-block-content stk-content-align stk-18aed1f-column alignwide\">\n<div class=\"wp-block-stackable-column stk-block-column stk-column stk-block stk-30a1c22\" data-v=\"4\" data-block-id=\"30a1c22\"><div class=\"stk-column-wrapper stk-block-column__content stk-container stk-30a1c22-container stk--no-background stk--no-padding\"><div class=\"stk-block-content stk-inner-blocks stk-30a1c22-inner-blocks\">\n<div class=\"wp-block-stackable-heading stk-block-heading stk-block-heading--v2 stk-block stk-e5bc89e\" id=\"question-1-placeholder\" data-block-id=\"e5bc89e\"><h5 class=\"stk-block-heading__text\"><span style=\"color: var(--theme-palette-color-2, #355C7D);\" class=\"stk-highlight\">Studies<\/span><\/h5><\/div>\n\n\n\n<ul class=\"wp-block-list\">\n<li><span style=\"color: var(--theme-palette-color-4, #232424);\" class=\"stk-highlight\">Specialization studies in Transfer Pricing, Universidad de Santiago de Chile \u2014 2020<\/span><\/li>\n\n\n\n<li><span style=\"color: var(--theme-palette-color-4, #232424);\" class=\"stk-highlight\">LLM in Tax Law, Pontificia Universidad Cat\u00f3lica \u2014 2017<\/span><\/li>\n\n\n\n<li><span style=\"color: var(--theme-palette-color-4, #232424);\" class=\"stk-highlight\">Specialization studies in Tax Analysis and Planning, Pontificia Universidad Cat\u00f3lica \u2014 2015<\/span><\/li>\n\n\n\n<li><span style=\"color: var(--theme-palette-color-4, #232424);\" class=\"stk-highlight\">Bachelor of Laws, Universidad de Chile, with highest honor \u2014 2010<\/span><\/li>\n<\/ul>\n\n\n\n<div class=\"wp-block-stackable-heading stk-block-heading stk-block-heading--v2 stk-block stk-9455d1c\" id=\"question-3-placeholder\" data-block-id=\"9455d1c\"><h5 class=\"stk-block-heading__text\"><span style=\"color: var(--theme-palette-color-2, #355C7D);\" class=\"stk-highlight\">Languages<\/span><\/h5><\/div>\n\n\n\n<ul class=\"wp-block-list\">\n<li><span style=\"color: var(--theme-palette-color-4, #232424);\" class=\"stk-highlight\">Spanish<\/span><\/li>\n\n\n\n<li><span style=\"color: var(--theme-palette-color-4, #232424);\" class=\"stk-highlight\">English<\/span><\/li>\n<\/ul>\n<\/div><\/div><\/div>\n<\/div><\/div>","protected":false},"excerpt":{"rendered":"<p>SOCIO Gonzalo Garrido Pavez Gonzalo se especializa en asesor\u00eda a empresas y personas en materias de tributaci\u00f3n nacional e internacional, y cuenta con una vasta trayectoria en soluci\u00f3n de controversias tributarias ante el Servicio de Impuestos Internos, Tribunales Tributarios y Aduaneros y Cortes de Apelaciones y Suprema. En sus m\u00e1s de 10 a\u00f1os de experiencia, [&hellip;]<\/p>\n","protected":false},"author":2,"featured_media":0,"parent":0,"menu_order":0,"comment_status":"closed","ping_status":"closed","template":"","meta":{"footnotes":""},"class_list":["post-2480","page","type-page","status-publish","hentry"],"blocksy_meta":{"has_hero_section":"disabled","styles_descriptor":{"styles":{"desktop":"","tablet":"","mobile":""},"google_fonts":[],"version":6}},"_links":{"self":[{"href":"https:\/\/serranoabogados.cl\/en\/wp-json\/wp\/v2\/pages\/2480","targetHints":{"allow":["GET"]}}],"collection":[{"href":"https:\/\/serranoabogados.cl\/en\/wp-json\/wp\/v2\/pages"}],"about":[{"href":"https:\/\/serranoabogados.cl\/en\/wp-json\/wp\/v2\/types\/page"}],"author":[{"embeddable":true,"href":"https:\/\/serranoabogados.cl\/en\/wp-json\/wp\/v2\/users\/2"}],"replies":[{"embeddable":true,"href":"https:\/\/serranoabogados.cl\/en\/wp-json\/wp\/v2\/comments?post=2480"}],"version-history":[{"count":3,"href":"https:\/\/serranoabogados.cl\/en\/wp-json\/wp\/v2\/pages\/2480\/revisions"}],"predecessor-version":[{"id":2677,"href":"https:\/\/serranoabogados.cl\/en\/wp-json\/wp\/v2\/pages\/2480\/revisions\/2677"}],"wp:attachment":[{"href":"https:\/\/serranoabogados.cl\/en\/wp-json\/wp\/v2\/media?parent=2480"}],"curies":[{"name":"wp","href":"https:\/\/api.w.org\/{rel}","templated":true}]}}